{"id":1640,"date":"2026-03-06T15:43:24","date_gmt":"2026-03-06T13:43:24","guid":{"rendered":"https:\/\/perhonjokilaaksonkansalaisopisto.fi\/?page_id=1640"},"modified":"2026-03-06T15:58:34","modified_gmt":"2026-03-06T13:58:34","slug":"yhteystiedot","status":"publish","type":"page","link":"https:\/\/perhonjokilaaksonkansalaisopisto.fi\/?page_id=1640","title":{"rendered":"Yhteystiedot"},"content":{"rendered":"\n<p class=\"has-medium-font-size\">Henkil\u00f6kunta<\/p>\n\n\n\n<p>Maaria Koivula-Talkkari, rehtori puh. 050 5790 163<\/p>\n\n\n\n<p>Krista \u00c4n\u00e4kk\u00e4l\u00e4, kanslisti, puh. 050 5790 106<\/p>\n\n\n\n<p>Siiri Virkkala, p\u00e4\u00e4toiminen musiikin opettaja<\/p>\n\n\n\n<p>Eeva-Riitta Forsberg, p\u00e4\u00e4toiminen tekstiility\u00f6n opettaja<\/p>\n\n\n\n<p>etunimi.sukunimi@veteli.fi<\/p>\n\n\n\n<p>Lis\u00e4ksi opistossa toimii kymmeni\u00e4 eri alojen tuntiopettajia. Opettajien yhteystietoja voi tiedustella toimistosta.<\/p>\n\n\n\n<figure class=\"wp-block-image size-large is-style-default\"><img loading=\"lazy\" decoding=\"async\" width=\"1024\" height=\"680\" src=\"http:\/\/perhonjokilaaksonkansalaisopisto.fi\/wp-content\/uploads\/2025\/03\/cropped-296318096_2481829388663985_7752058514841511181_n-1024x680.jpg\" alt=\"\" class=\"wp-image-1338\" style=\"aspect-ratio:16\/9;object-fit:cover\" srcset=\"https:\/\/perhonjokilaaksonkansalaisopisto.fi\/wp-content\/uploads\/2025\/03\/cropped-296318096_2481829388663985_7752058514841511181_n-1024x680.jpg 1024w, https:\/\/perhonjokilaaksonkansalaisopisto.fi\/wp-content\/uploads\/2025\/03\/cropped-296318096_2481829388663985_7752058514841511181_n-300x199.jpg 300w, https:\/\/perhonjokilaaksonkansalaisopisto.fi\/wp-content\/uploads\/2025\/03\/cropped-296318096_2481829388663985_7752058514841511181_n-768x510.jpg 768w, https:\/\/perhonjokilaaksonkansalaisopisto.fi\/wp-content\/uploads\/2025\/03\/cropped-296318096_2481829388663985_7752058514841511181_n.jpg 1080w\" sizes=\"auto, (max-width: 1024px) 100vw, 1024px\" \/><\/figure>\n","protected":false},"excerpt":{"rendered":"<p>Henkil\u00f6kunta Maaria Koivula-Talkkari, rehtori puh. 050 5790 163 Krista \u00c4n\u00e4kk\u00e4l\u00e4, kanslisti, puh. 050 5790 106 Siiri Virkkala, p\u00e4\u00e4toiminen musiikin opettaja Eeva-Riitta Forsberg, p\u00e4\u00e4toiminen tekstiility\u00f6n opettaja etunimi.sukunimi@veteli.fi Lis\u00e4ksi opistossa toimii kymmeni\u00e4 eri alojen tuntiopettajia. Opettajien yhteystietoja voi tiedustella toimistosta.<\/p>\n","protected":false},"author":6,"featured_media":0,"parent":0,"menu_order":0,"comment_status":"closed","ping_status":"closed","template":"","meta":{"footnotes":""},"class_list":["post-1640","page","type-page","status-publish","hentry"],"_links":{"self":[{"href":"https:\/\/perhonjokilaaksonkansalaisopisto.fi\/index.php?rest_route=\/wp\/v2\/pages\/1640","targetHints":{"allow":["GET"]}}],"collection":[{"href":"https:\/\/perhonjokilaaksonkansalaisopisto.fi\/index.php?rest_route=\/wp\/v2\/pages"}],"about":[{"href":"https:\/\/perhonjokilaaksonkansalaisopisto.fi\/index.php?rest_route=\/wp\/v2\/types\/page"}],"author":[{"embeddable":true,"href":"https:\/\/perhonjokilaaksonkansalaisopisto.fi\/index.php?rest_route=\/wp\/v2\/users\/6"}],"replies":[{"embeddable":true,"href":"https:\/\/perhonjokilaaksonkansalaisopisto.fi\/index.php?rest_route=%2Fwp%2Fv2%2Fcomments&post=1640"}],"version-history":[{"count":4,"href":"https:\/\/perhonjokilaaksonkansalaisopisto.fi\/index.php?rest_route=\/wp\/v2\/pages\/1640\/revisions"}],"predecessor-version":[{"id":1647,"href":"https:\/\/perhonjokilaaksonkansalaisopisto.fi\/index.php?rest_route=\/wp\/v2\/pages\/1640\/revisions\/1647"}],"wp:attachment":[{"href":"https:\/\/perhonjokilaaksonkansalaisopisto.fi\/index.php?rest_route=%2Fwp%2Fv2%2Fmedia&parent=1640"}],"curies":[{"name":"wp","href":"https:\/\/api.w.org\/{rel}","templated":true}]}}