{"id":1621,"date":"2025-05-26T08:25:02","date_gmt":"2025-05-26T05:25:02","guid":{"rendered":"http:\/\/perhonjokilaaksonkansalaisopisto.fi\/?page_id=1621"},"modified":"2025-05-26T08:26:36","modified_gmt":"2025-05-26T05:26:36","slug":"ilmoittautuminen-musiikin-yksiloopetukseen","status":"publish","type":"page","link":"https:\/\/perhonjokilaaksonkansalaisopisto.fi\/?page_id=1621","title":{"rendered":"Ilmoittautuminen musiikin yksil\u00f6opetukseen"},"content":{"rendered":"\n<p>Musiikin yksil\u00f6opetuksesta opiskelupaikan saaneella on oikeus halutessaan jatkaa opiskeluaan kolme vuotta. <strong>Mik\u00e4li opiskelija ei halua jatkaa opiskeluaan<\/strong>, on t\u00e4st\u00e4 ilmoitettava opiston toimistoon. Vapautuneille paikoille otetaan opiskelijoita tilalle ilmoittautumisj\u00e4rjestyksess\u00e4. Kolmen opiskeluvuoden j\u00e4lkeen jokaisen opiskelijan on ilmoittautumisen kautta haettava opiskelupaikkaa uudelleen.<\/p>\n\n\n\n<p>Konservatoriosta opiskelupaikan saanut ei voi samanaikaisesti opiskella kansalaisopistossa. T\u00e4ll\u00e4 halutaan varmistaa mahdollisimman monen opiston alueella asuvan mahdollisuus soitonopiskeluun. Mik\u00e4li ryhmiin j\u00e4\u00e4 vapaita paikkoja, voidaan konservatoriossa opiskelevalleantaa opiskelupaikka lukuvuodeksi kerrallaan. <\/p>\n\n\n\n<p>Ilmoittautumisajan p\u00e4\u00e4tytty\u00e4 opettajat ottavat yhteytt\u00e4 opiskelijoihin tuntiaikojen sopimiseksi, ellei muunlaisesta j\u00e4rjestelyst\u00e4 ole sovittu.<\/p>\n\n\n\n<p><\/p>\n","protected":false},"excerpt":{"rendered":"<p>Musiikin yksil\u00f6opetuksesta opiskelupaikan saaneella on oikeus halutessaan jatkaa opiskeluaan kolme vuotta. Mik\u00e4li opiskelija ei halua jatkaa opiskeluaan, on t\u00e4st\u00e4 ilmoitettava opiston toimistoon. Vapautuneille paikoille otetaan opiskelijoita tilalle ilmoittautumisj\u00e4rjestyksess\u00e4. Kolmen opiskeluvuoden j\u00e4lkeen jokaisen opiskelijan on ilmoittautumisen kautta haettava opiskelupaikkaa uudelleen. Konservatoriosta opiskelupaikan saanut ei voi samanaikaisesti opiskella kansalaisopistossa. T\u00e4ll\u00e4 halutaan varmistaa mahdollisimman monen opiston alueella asuvan&hellip;<\/p>\n","protected":false},"author":5,"featured_media":0,"parent":0,"menu_order":0,"comment_status":"closed","ping_status":"closed","template":"","meta":{"footnotes":""},"class_list":["post-1621","page","type-page","status-publish","hentry"],"_links":{"self":[{"href":"https:\/\/perhonjokilaaksonkansalaisopisto.fi\/index.php?rest_route=\/wp\/v2\/pages\/1621","targetHints":{"allow":["GET"]}}],"collection":[{"href":"https:\/\/perhonjokilaaksonkansalaisopisto.fi\/index.php?rest_route=\/wp\/v2\/pages"}],"about":[{"href":"https:\/\/perhonjokilaaksonkansalaisopisto.fi\/index.php?rest_route=\/wp\/v2\/types\/page"}],"author":[{"embeddable":true,"href":"https:\/\/perhonjokilaaksonkansalaisopisto.fi\/index.php?rest_route=\/wp\/v2\/users\/5"}],"replies":[{"embeddable":true,"href":"https:\/\/perhonjokilaaksonkansalaisopisto.fi\/index.php?rest_route=%2Fwp%2Fv2%2Fcomments&post=1621"}],"version-history":[{"count":2,"href":"https:\/\/perhonjokilaaksonkansalaisopisto.fi\/index.php?rest_route=\/wp\/v2\/pages\/1621\/revisions"}],"predecessor-version":[{"id":1624,"href":"https:\/\/perhonjokilaaksonkansalaisopisto.fi\/index.php?rest_route=\/wp\/v2\/pages\/1621\/revisions\/1624"}],"wp:attachment":[{"href":"https:\/\/perhonjokilaaksonkansalaisopisto.fi\/index.php?rest_route=%2Fwp%2Fv2%2Fmedia&parent=1621"}],"curies":[{"name":"wp","href":"https:\/\/api.w.org\/{rel}","templated":true}]}}