{"id":1502,"date":"2025-05-24T10:00:02","date_gmt":"2025-05-24T07:00:02","guid":{"rendered":"http:\/\/perhonjokilaaksonkansalaisopisto.fi\/?page_id=1502"},"modified":"2025-05-25T18:31:51","modified_gmt":"2025-05-25T15:31:51","slug":"etusivu","status":"publish","type":"page","link":"https:\/\/perhonjokilaaksonkansalaisopisto.fi\/","title":{"rendered":"Opistosta"},"content":{"rendered":"\n<p class=\"has-medium-font-size\">Elinik\u00e4ist\u00e4 oppimista l\u00e4hell\u00e4 sinua<\/p>\n\n\n\n<p class=\"has-small-font-size\" style=\"text-transform:none\">Kaikille avoin Perhonjokilaakson kansalaisopisto on monipuolinen ja helposti l\u00e4hestytt\u00e4v\u00e4 vapaan sivistysty\u00f6n opisto, joka tarjoaa laadukasta ja el\u00e4m\u00e4nlaatua rikastuttavaa koulutusta kaikenik\u00e4isille Halsuan, Kaustisen, Perhon ja Vetelin alueella.<strong> <\/strong> <br><strong><a href=\"http:\/\/perhonjokilaaksonkansalaisopisto.fi\/?page_id=1393\" data-type=\"page\" data-id=\"1393\">Lue lis\u00e4\u00e4<\/a> opiston toiminnasta ja teht\u00e4v\u00e4st\u00e4.<\/strong><\/p>\n\n\n\n<p class=\"has-medium-font-size\" style=\"text-transform:none\">Kuka voi opiskella opistossamme<\/p>\n\n\n\n<p class=\"has-small-font-size\" style=\"text-transform:none\">Kansalaisopistossa opiskelu on tarkoitettu kaikille. P\u00e4\u00e4syvaatimuksena on vain into oppia uutta, harrastaa ja halu kehitty\u00e4. Opinto-ohjelmassa kurssit on jaoteltu kunnittain, mutta kaikille kursseille on oikeus osallistua my\u00f6s kuntarajojen yli.<\/p>\n\n\n\n<p><strong>Opinto-ohjelma ja kursseille ilmoittautuminen tapahtuu <a href=\"https:\/\/uusi.opistopalvelut.fi\/perhonjokilaakso\/fi\/\">opistopalveluiden verkkosivulla<\/a>.<\/strong><\/p>\n\n\n\n<p><\/p>\n","protected":false},"excerpt":{"rendered":"<p>Elinik\u00e4ist\u00e4 oppimista l\u00e4hell\u00e4 sinua Kaikille avoin Perhonjokilaakson kansalaisopisto on monipuolinen ja helposti l\u00e4hestytt\u00e4v\u00e4 vapaan sivistysty\u00f6n opisto, joka tarjoaa laadukasta ja el\u00e4m\u00e4nlaatua rikastuttavaa koulutusta kaikenik\u00e4isille Halsuan, Kaustisen, Perhon ja Vetelin alueella. Lue lis\u00e4\u00e4 opiston toiminnasta ja teht\u00e4v\u00e4st\u00e4. Kuka voi opiskella opistossamme Kansalaisopistossa opiskelu on tarkoitettu kaikille. P\u00e4\u00e4syvaatimuksena on vain into oppia uutta, harrastaa ja halu kehitty\u00e4.&hellip;<\/p>\n","protected":false},"author":4,"featured_media":0,"parent":0,"menu_order":0,"comment_status":"closed","ping_status":"closed","template":"","meta":{"footnotes":""},"class_list":["post-1502","page","type-page","status-publish","hentry"],"_links":{"self":[{"href":"https:\/\/perhonjokilaaksonkansalaisopisto.fi\/index.php?rest_route=\/wp\/v2\/pages\/1502","targetHints":{"allow":["GET"]}}],"collection":[{"href":"https:\/\/perhonjokilaaksonkansalaisopisto.fi\/index.php?rest_route=\/wp\/v2\/pages"}],"about":[{"href":"https:\/\/perhonjokilaaksonkansalaisopisto.fi\/index.php?rest_route=\/wp\/v2\/types\/page"}],"author":[{"embeddable":true,"href":"https:\/\/perhonjokilaaksonkansalaisopisto.fi\/index.php?rest_route=\/wp\/v2\/users\/4"}],"replies":[{"embeddable":true,"href":"https:\/\/perhonjokilaaksonkansalaisopisto.fi\/index.php?rest_route=%2Fwp%2Fv2%2Fcomments&post=1502"}],"version-history":[{"count":12,"href":"https:\/\/perhonjokilaaksonkansalaisopisto.fi\/index.php?rest_route=\/wp\/v2\/pages\/1502\/revisions"}],"predecessor-version":[{"id":1608,"href":"https:\/\/perhonjokilaaksonkansalaisopisto.fi\/index.php?rest_route=\/wp\/v2\/pages\/1502\/revisions\/1608"}],"wp:attachment":[{"href":"https:\/\/perhonjokilaaksonkansalaisopisto.fi\/index.php?rest_route=%2Fwp%2Fv2%2Fmedia&parent=1502"}],"curies":[{"name":"wp","href":"https:\/\/api.w.org\/{rel}","templated":true}]}}