{"id":1427,"date":"2025-03-23T20:26:26","date_gmt":"2025-03-23T18:26:26","guid":{"rendered":"http:\/\/perhonjokilaaksonkansalaisopisto.fi\/?page_id=1427"},"modified":"2025-05-25T18:59:11","modified_gmt":"2025-05-25T15:59:11","slug":"historiaa","status":"publish","type":"page","link":"https:\/\/perhonjokilaaksonkansalaisopisto.fi\/?page_id=1427","title":{"rendered":"Historiaa"},"content":{"rendered":"\n<p class=\"has-medium-font-size\">Perhonjokilaakson kansalaisopiston historiikki<\/p>\n\n\n\n<p><a href=\"https:\/\/ajanhermolla.fi\">Ajanhermolla.fi<\/a> -sivusto on koottu juhlistamaan Perhonjokilaakson kansalaisopiston 50 toimintavuotta ja sen on tarkoitus toimia arkistona my\u00f6s tuleville vuosille.<\/p>\n\n\n\n<p>Sivuston nimeksi valikoitui ajanhermolla, mik\u00e4 kuvaa opiston toimintaa kautta linjan. Opisto on aina ollut ajassa mukana. Kun opisto perustettiin vuonna 1970, toiminnan ensimm\u00e4isin\u00e4 vuosina keskityttiin aikuisten kouluttamiseen sen ajan tarpeiden mukaan. J\u00e4rjestettiin yleissivist\u00e4v\u00e4\u00e4 opetusta, mutta tarjottiin my\u00f6s ammatillisia opintoja kouluttamattomalle aikuisv\u00e4est\u00f6lle; opeteltiin konekirjoitusta, keskusl\u00e4mmityskattilan huoltoa, kouluttauduttiin kotiavustajiksi ja perhep\u00e4iv\u00e4hoitajiksi.<\/p>\n\n\n\n<p>My\u00f6hemmin annettiin mahdollisuuksia kielten opiskeluun, sittemmin on s\u00e4ilytetty ja kartutettu k\u00e4sity\u00f6taitoja, tehty muodissa olleita asioita; lasikuituveneit\u00e4, aurinkoker\u00e4imi\u00e4 ja puukkoja tai mist\u00e4 alueen asukkaat milloinki ovat olleet kiinnostuneita. Nyttemmin on keskitytty harrastamiseen, luomaan hyvinvointia liikunnan, k\u00e4dentaitojen tai musiikin ja tanssin kautta. Kaikkina vuosikymmenin\u00e4 kansalaisopisto on ollut ajan hermolla ja tulevaisuuden visioista p\u00e4\u00e4tellen tulee sit\u00e4 olemaankin.<\/p>\n\n\n\n<p><strong>Ajanhermolla-historiikkisivusto l\u00f6ytyy osoitteesta <a href=\"https:\/\/ajanhermolla.fi\">https:\/\/ajanhermolla.fi<\/a><\/strong><\/p>\n","protected":false},"excerpt":{"rendered":"<p>Tutustu opiston historiaan ajanhermolla.fi -sivustolla.<\/p>\n","protected":false},"author":5,"featured_media":1566,"parent":0,"menu_order":0,"comment_status":"closed","ping_status":"closed","template":"","meta":{"footnotes":""},"class_list":["post-1427","page","type-page","status-publish","has-post-thumbnail","hentry"],"_links":{"self":[{"href":"https:\/\/perhonjokilaaksonkansalaisopisto.fi\/index.php?rest_route=\/wp\/v2\/pages\/1427","targetHints":{"allow":["GET"]}}],"collection":[{"href":"https:\/\/perhonjokilaaksonkansalaisopisto.fi\/index.php?rest_route=\/wp\/v2\/pages"}],"about":[{"href":"https:\/\/perhonjokilaaksonkansalaisopisto.fi\/index.php?rest_route=\/wp\/v2\/types\/page"}],"author":[{"embeddable":true,"href":"https:\/\/perhonjokilaaksonkansalaisopisto.fi\/index.php?rest_route=\/wp\/v2\/users\/5"}],"replies":[{"embeddable":true,"href":"https:\/\/perhonjokilaaksonkansalaisopisto.fi\/index.php?rest_route=%2Fwp%2Fv2%2Fcomments&post=1427"}],"version-history":[{"count":13,"href":"https:\/\/perhonjokilaaksonkansalaisopisto.fi\/index.php?rest_route=\/wp\/v2\/pages\/1427\/revisions"}],"predecessor-version":[{"id":1617,"href":"https:\/\/perhonjokilaaksonkansalaisopisto.fi\/index.php?rest_route=\/wp\/v2\/pages\/1427\/revisions\/1617"}],"wp:featuredmedia":[{"embeddable":true,"href":"https:\/\/perhonjokilaaksonkansalaisopisto.fi\/index.php?rest_route=\/wp\/v2\/media\/1566"}],"wp:attachment":[{"href":"https:\/\/perhonjokilaaksonkansalaisopisto.fi\/index.php?rest_route=%2Fwp%2Fv2%2Fmedia&parent=1427"}],"curies":[{"name":"wp","href":"https:\/\/api.w.org\/{rel}","templated":true}]}}