{"id":1393,"date":"2025-03-23T18:12:12","date_gmt":"2025-03-23T16:12:12","guid":{"rendered":"http:\/\/perhonjokilaaksonkansalaisopisto.fi\/?page_id=1393"},"modified":"2025-05-25T18:58:10","modified_gmt":"2025-05-25T15:58:10","slug":"toiminta-ja-tehtava","status":"publish","type":"page","link":"https:\/\/perhonjokilaaksonkansalaisopisto.fi\/?page_id=1393","title":{"rendered":"Toiminta ja teht\u00e4v\u00e4"},"content":{"rendered":"\n<p class=\"has-medium-font-size\">Perhonjokilaakson kansalaisopisto<\/p>\n\n\n\n<p class=\"has-small-font-size\"><strong>Perhonjokilaakson kansalaisopisto<\/strong> on Halsuan, Kaustisen, Perhon ja Vetelin kuntien alueella toimiva kansalaisopisto, jonka hallinnoijakuntana toimii Veteli. Opiston toimisto sijaitsee Vetelin kunnanvirastolla.<\/p>\n\n\n\n<p class=\"has-small-font-size\"><strong>Kansalaisopiston toimintaa ohjaa<\/strong> johtokunta, jossa jokaisella toiminta-alueen kunnalla on kaksi edustajaa ja Vetelin kunnanhallitus nime\u00e4\u00e4 oman edustajansa johtokuntaan. Edell\u00e4 mainittujen lis\u00e4ksi Vetelin kunnanhallituksen puheenjohtajalla sek\u00e4 kunnanjohtajalla on oikeus osallistua johtokunnan kokouksiin. Kansalaisopiston rehtori toimii kokouksessa esittelij\u00e4n\u00e4.<\/p>\n\n\n\n<p class=\"has-small-font-size\"><strong>Kansalaisopiston koulutusteht\u00e4v\u00e4n\u00e4<\/strong> on tukea elinik\u00e4isen oppimisen periaatteen pohjalta yhteiskunnan eheytt\u00e4, tasa-arvoa ja aktiivista kansalaisuutta sek\u00e4 edist\u00e4\u00e4 alueen asukkaiden terveytt\u00e4, hyvinvointia ja sosiaalista selviytymist\u00e4. Koulutusteht\u00e4v\u00e4ns\u00e4 toteuttamiseksi kansalaisopisto pyrkii mahdollistamaan joustavan, paikallisuutta korostavan sek\u00e4 yhteiskunnan muutosia seuraavan oppimisymp\u00e4rist\u00f6n toiminta-alueensa asukkaille. Kansalaisopistossa voi oppia tietoja ja taitoja, jotka ovat tarpeellisia kansalaisel\u00e4m\u00e4ss\u00e4 ja jotka antavat pohjaa jatko-opiskelulle sek\u00e4 edist\u00e4v\u00e4t itseopiskelua ja itsens\u00e4 kehitt\u00e4mist\u00e4.<\/p>\n\n\n\n<p class=\"has-small-font-size\"><strong>Perhonjokilaakson kansalaispiston toiminnan juuret<\/strong> ovat vahvasti paikallisuudessa, mutta opisto pyrkii tuomaan uutta opetustarjontaa jo perinteeksi muodostuneen tarjonnan rinnalle vuosittain. Alueen asukkaiden toiveita kurssiohjelman laatimisessa kuunnellaan ja opisto toivookin asukkaiden tuovan aktiivisesti toiveitaan esille.<\/p>\n\n\n\n<p class=\"has-small-font-size\"><strong>Kansalaisopiston kurssit ovat avoimia kaiken ik\u00e4isille.<\/strong><\/p>\n\n\n\n<p>Perhonjokilaakson kansalaisopiston opinto-ohjelmaan voi tutustua <strong><a href=\"https:\/\/uusi.opistopalvelut.fi\/perhonjokilaakso\/fi\/\">opistopalveluiden verkkosivuilla<\/a>.<\/strong><\/p>\n\n\n\n<p><\/p>\n","protected":false},"excerpt":{"rendered":"<p>Teht\u00e4v\u00e4n\u00e4 on tarjota monipuolista koulutus- ja harrastustoimintaa kaikenik\u00e4isille , edist\u00e4en elinik\u00e4ist\u00e4 oppimista, hyvinvointia ja osallisuutta paikallisia tarpeita kuunnellen.<\/p>\n","protected":false},"author":5,"featured_media":0,"parent":1345,"menu_order":0,"comment_status":"closed","ping_status":"closed","template":"","meta":{"footnotes":""},"class_list":["post-1393","page","type-page","status-publish","hentry"],"_links":{"self":[{"href":"https:\/\/perhonjokilaaksonkansalaisopisto.fi\/index.php?rest_route=\/wp\/v2\/pages\/1393","targetHints":{"allow":["GET"]}}],"collection":[{"href":"https:\/\/perhonjokilaaksonkansalaisopisto.fi\/index.php?rest_route=\/wp\/v2\/pages"}],"about":[{"href":"https:\/\/perhonjokilaaksonkansalaisopisto.fi\/index.php?rest_route=\/wp\/v2\/types\/page"}],"author":[{"embeddable":true,"href":"https:\/\/perhonjokilaaksonkansalaisopisto.fi\/index.php?rest_route=\/wp\/v2\/users\/5"}],"replies":[{"embeddable":true,"href":"https:\/\/perhonjokilaaksonkansalaisopisto.fi\/index.php?rest_route=%2Fwp%2Fv2%2Fcomments&post=1393"}],"version-history":[{"count":9,"href":"https:\/\/perhonjokilaaksonkansalaisopisto.fi\/index.php?rest_route=\/wp\/v2\/pages\/1393\/revisions"}],"predecessor-version":[{"id":1616,"href":"https:\/\/perhonjokilaaksonkansalaisopisto.fi\/index.php?rest_route=\/wp\/v2\/pages\/1393\/revisions\/1616"}],"up":[{"embeddable":true,"href":"https:\/\/perhonjokilaaksonkansalaisopisto.fi\/index.php?rest_route=\/wp\/v2\/pages\/1345"}],"wp:attachment":[{"href":"https:\/\/perhonjokilaaksonkansalaisopisto.fi\/index.php?rest_route=%2Fwp%2Fv2%2Fmedia&parent=1393"}],"curies":[{"name":"wp","href":"https:\/\/api.w.org\/{rel}","templated":true}]}}