{"id":120,"date":"2017-04-05T00:03:53","date_gmt":"2017-04-04T21:03:53","guid":{"rendered":"http:\/\/www.perhonjokilaaksonkansalaisopisto.fi\/?page_id=120"},"modified":"2025-05-25T17:28:00","modified_gmt":"2025-05-25T14:28:00","slug":"opiskelijalle","status":"publish","type":"page","link":"https:\/\/perhonjokilaaksonkansalaisopisto.fi\/?page_id=120","title":{"rendered":"Opiskelijalle"},"content":{"rendered":"\n<p class=\"has-medium-font-size\">Tietopaketti kansalaisopiston opiskelijoille<\/p>\n\n\n\n<p><strong>Kurssimaksu<\/strong><br>Ilmoittautuessasi sitoudut maksamaan kurssimaksun, joka on ilmoitettu kunkin kurssin kohdalla. Jos kurssi ei k\u00e4ynnisty, palautamme maksetun maksun. Mik\u00e4li kurssi keskeytyy opiston toimesta, pyrimme l\u00f6yt\u00e4m\u00e4\u00e4n korvaavan kurssin tai hyvit\u00e4mme osan maksetusta kurssimaksusta. Jos keskeyt\u00e4t itse kurssin, kurssimaksua ei alenneta tai palauteta. Kurssimaksun osittaista alennusta tai palautusta voi anoa vain painavaan syyhyn vedoten (esim. sairastuminen, paikkakunnalta muutto tms.)<\/p>\n\n\n\n<p><strong>Verkkomaksu, paperilasku tai e-lasku<\/strong><br>Voit maksaa kurssimaksun verkkomaksuna ilmoittautumisen yhteydess\u00e4, mik\u00e4li sinulla on s\u00e4hk\u00f6postiosoite. Muussa tapauksessa lasku l\u00e4hetet\u00e4\u00e4n sinulle joko postitse paperilaskuna kurssin k\u00e4ynnistytty\u00e4 tai e-laskuna suoraan verkkopankkiisi. Paperilaskuun lis\u00e4t\u00e4\u00e4n 3 \u20ac laskutuslis\u00e4. E-laskun, johon laskutuslis\u00e4\u00e4 ei sis\u00e4lly, voit tilata omassa verkkopankissasi valitsemalla laskuttajaksi Vetelin kunta. Tarvitset e-laskutussopimusta varten jonkin aiemman Vetelin kunnalta saamasi laskun viitenumeron.<\/p>\n\n\n\n<p><strong>Opintopassi<\/strong><br>Opintopassin voit lunastaa itsellesi ilmoittautumalla Opintopassiopiskelijaksi (tunnus 999 999).<br>Opintopassin lunastanut saa osallistua enint\u00e4\u00e4n nelj\u00e4lle valitsemalleen kurssille lukuun ottamatta niit\u00e4, joiden kohdalla on maininta siit\u00e4, ettei kurssia voi sis\u00e4llytt\u00e4\u00e4 opintopassiin. Valitse ilmoittautumisen yhteydess\u00e4 opintopassiin sis\u00e4llytt\u00e4m\u00e4si kurssit. Passiin sis\u00e4ltyv\u00e4t kurssit kuitataan maksetuiksi ennen laskutusta. Mik\u00e4li jokin opintopassiin sis\u00e4llytt\u00e4m\u00e4si kurssi peruuntuu, voit valita tilalle toisen kurssin ilmoittamalla siit\u00e4 toimistoon. Opintopassiopiskelijan tulee aina my\u00f6s ilmoittautua kursseille, joille aikoo osallistua. Opintopassia ei voi maksaa verkossa, saat laskun kotiin postitse tai e-laskuna suoraan verkkopankkiisi.<br><br><strong>El\u00e4kel\u00e4isille, ty\u00f6tt\u00f6mille ja maahanmuuttajille alennus erikseen mainituista opin-<br>tosetelikursseista<\/strong><br>Opetushallitus on my\u00f6nt\u00e4nyt opistolle opintoseteliavustusta el\u00e4kel\u00e4isten, ty\u00f6tt\u00f6mien ja maahanmuuttajien kurssimaksujen alentamiseen. Avustus on kohdennettu erikseen m\u00e4\u00e4ritellyille kursseille, joiden otsikossa on merkint\u00e4: opintosetelikurssi. Opintosetelikurssia ei voi maksaa verkossa. Saat laskun kotiin postitse kurssin k\u00e4ynnistytty\u00e4 tai e-laskuna verkkopankkiisi. Alennusta ei my\u00f6nnet\u00e4 sen j\u00e4lkeen, kun kurssin laskutus on tehty.<br><br><strong>Liikunta- ja kulttuuriedut<\/strong><br>Jos haluat maksaa liikunta- ja kulttuurieduilla (esim. ePassi, Smartum tai Edenred), ole yhteydess\u00e4 opiston toimistoon kurssille ilmoittautumisen yhteydess\u00e4. Henkil\u00f6st\u00f6edut ovat saajilleen henkil\u00f6kohtaisia, eik\u00e4 niill\u00e4 voi maksaa esim. lapsen tai muiden perheenj\u00e4senten kurssimaksuja. Liikunta- ja kulttuurietujen k\u00e4ytt\u00f6 ei ole mahdollista en\u00e4\u00e4 kurssimaksujen laskutuksen j\u00e4lkeen.<br><br><strong>Kaikukortti ja yst\u00e4v\u00e4nkortti<\/strong><br>Jos sinulle on my\u00f6nnetty Kaikukortti, p\u00e4\u00e4set osallistumaan kahdelle valitsemallesi kurssille \/ lukuvuosi ilman kurssimaksua. Opintopassin ja muutamien ohjelmassa erikseen mainittujen kurssien maksamiseen Kaikukorttia ei voi k\u00e4ytt\u00e4\u00e4. Ilmoittaudu kurssille puhelimitse. Yst\u00e4v\u00e4nkortin avulla kehitysvammaisen henkil\u00f6n yst\u00e4v\u00e4 \/ tukihenkil\u00f6 p\u00e4\u00e4see maksutta mukaan kurssille.<br><br><strong>Kurssien k\u00e4ynnistyminen ja toteutuminen<\/strong><br>Kurssien alkamis- ja p\u00e4\u00e4ttymisajat sek\u00e4 kokoontumisten kellonaika ilmenev\u00e4t kurssin tiedoista. Koulu-<br>jen loma-aikoina ei p\u00e4\u00e4s\u00e4\u00e4nt\u00f6isesti ole opetusta. Syysloma on viikolla 42 ja talviloma viikolla 9.<\/p>\n\n\n\n<p>Kurssien k\u00e4ynnistymisen edellytyksen\u00e4 on, ett\u00e4 ennakkoon ilmoittautuneita on v\u00e4hint\u00e4\u00e4n 7 henkil\u00f6\u00e4. Muistathan siis ilmoittautua ajoissa. Mik\u00e4li kurssi on t\u00e4ynn\u00e4, voit ilmoittautua varalle. Kurssivahvistus tulee ilmoittamaasi s\u00e4hk\u00f6postiosoitteeseen. Opistosta otetaan yhteytt\u00e4, jos kurssi peruuntuu tai olet saanut opiskelupaikan varasijalta. <br><br>Kurssien toteutuminen edellytt\u00e4\u00e4 s\u00e4\u00e4nn\u00f6llist\u00e4 osallistumista. Jo alkanut kurssi voidaan keskeytt\u00e4\u00e4, mik\u00e4li osallistujam\u00e4\u00e4r\u00e4 alittaa ryhm\u00e4n minimikoon kolme kertaa per\u00e4kk\u00e4in. Muistathan siksi ilmoittaa opettajalle, mik\u00e4li olet jostakin syyst\u00e4 estynyt osallistumasta oppitunnille, mutta aiot silti jatkaa opiskeluasi kurssilla. Alamittaisen ryhm\u00e4n jatkamisesta p\u00e4\u00e4tt\u00e4\u00e4 rehtori.<br><br>Koko lukuvuoden kest\u00e4v\u00e4ll\u00e4 kurssilla voi kauden alussa k\u00e4yd\u00e4 kaksi kertaa tutustumassa saatuaan paikan ilmoittautumisen kautta. Mik\u00e4li et koe kurssin jatkamista mielekk\u00e4\u00e4ksi, ilmoita siit\u00e4 v\u00e4litt\u00f6m\u00e4sti opiston toimistoon, jotta v\u00e4ltyt kurssimaksulta. Lyhytkursseilla ei ole mahdollisuutta tutustumisk\u00e4ynteihin.<br><br><strong>Osallistumisen peruuttaminen<\/strong><br>Ilmoittautumisen peruuttaminen tulee tehd\u00e4 viimeist\u00e4\u00e4n 7 vrk ennen kurssin alkamista.<br>HUOM! Peruutus on aina ilmoitettava opiston toimistoon. Kurssille osallistumatta j\u00e4tt\u00e4minen tai opettajalle ilmoittaminen ei ole peruminen. Kurssimaksu laskutetaan aina, jos peruuttamista ei ole tehty ajoissa.<br><br><strong>Musiikin yksil\u00f6opetus<\/strong><br>Viulu-, piano-, kitara- ja harmonikkaopetuksesta opiskelupaikan saaneella on oikeus halutessaan jatkaa opiskeluaan kansalaisopiston soitonopetuksessa kolme lukuvuotta per\u00e4kk\u00e4in. Kolmen lukuvuoden j\u00e4lkeen opiskelijan tulee ilmoittautumisen kautta hakea opiskelupaikkaa uudelleen. Opiskelun keskeytt\u00e4misest\u00e4 ennen kolmen lukuvuoden t\u00e4yttymist\u00e4 tulee aina ilmoittaa opiston toimistoon, jotta opiskelupaikkaa voidaan tarjota varasijoilla oleville.<\/p>\n\n\n\n<p>Opiskelija ei voi opiskella samanaikaisesti samaa soitinta sek\u00e4 kansalaisopistossa ett\u00e4 konservatorion soitonopetuksessa. T\u00e4ll\u00e4 halutaan varmistaa se, ett\u00e4 mahdollisimman moni p\u00e4\u00e4see aloittamaan soitonopiskelun. Mik\u00e4li ryhmiin j\u00e4\u00e4 vapaita paikkoja, voidaan konservatoriossa opiskelevalle antaa opiskelupaikka lukuvuodeksi kerrallaan.<br><br><strong>Tiedotus<\/strong><br>Kurssin tai opetuskerran peruuntumisesta ilmoitetaan opiskelijoille tekstiviestill\u00e4 tai s\u00e4hk\u00f6postitse. Lyhytkurssien alkamisesta muistutamme my\u00f6s tekstiviestill\u00e4 kurssille ilmoittautuneita. Huolehdithan, ett\u00e4 opistolla on voimassa oleva matkapuhelinnumerosi \/ s\u00e4hk\u00f6postiosoitteesi. Ajankohtaisista asioista tiedotamme my\u00f6s paikallislehdess\u00e4 (yhdistyspalsta), kuntatiedotteissa, opiston ilmoittautumissivulla (uusi.opistopalvelut.fi\/perhonjokilaakso), Facebookissa ja Instagramissa.<\/p>\n\n\n\n<p><strong>Kurssimateriaalit ja -tarvikkeet<\/strong><br>Kurssimateriaalit ja -tarvikkeet sek\u00e4 oppikirjat opiskelija maksaa ja hankkii itse, ellei kurssin tiedoissa ole toisin mainittu. Tarvikkeita voidaan hankkia my\u00f6s yhteisostoina tai ostaa opettajalta sopimuksen mukaan. Kurssilla jaettavista monisteista ei laskuteta, jos monisteita jaetaan enint\u00e4\u00e4n 30 kpl\/opiskelija. T\u00e4m\u00e4n m\u00e4\u00e4r\u00e4n ylitt\u00e4vist\u00e4 monisteista laskutetaan omakustannushinta. Posliininmaalaus- ja keramiikkakursseilla polttomaksu on sis\u00e4llytetty kurssin hintaan.<\/p>\n\n\n\n<p><strong>Vakuutukset<\/strong><br>Opiskelijoiden on itse huolehdittava vakuutusturvastaan kursseilla mahdollisesti sattuvien vahinkojen varalta.<\/p>\n\n\n\n<p><\/p>\n","protected":false},"excerpt":{"rendered":"<p>Tietopaketti kansalaisopiston opiskelijoille KurssimaksuIlmoittautuessasi sitoudut maksamaan kurssimaksun, joka on ilmoitettu kunkin kurssin kohdalla. Jos kurssi ei k\u00e4ynnisty, palautamme maksetun maksun. Mik\u00e4li kurssi keskeytyy opiston toimesta, pyrimme l\u00f6yt\u00e4m\u00e4\u00e4n korvaavan kurssin tai hyvit\u00e4mme osan maksetusta kurssimaksusta. Jos keskeyt\u00e4t itse kurssin, kurssimaksua ei alenneta tai palauteta. Kurssimaksun osittaista alennusta tai palautusta voi anoa vain painavaan syyhyn vedoten (esim.&hellip;<\/p>\n","protected":false},"author":1,"featured_media":0,"parent":0,"menu_order":0,"comment_status":"closed","ping_status":"closed","template":"","meta":{"footnotes":""},"class_list":["post-120","page","type-page","status-publish","hentry"],"_links":{"self":[{"href":"https:\/\/perhonjokilaaksonkansalaisopisto.fi\/index.php?rest_route=\/wp\/v2\/pages\/120","targetHints":{"allow":["GET"]}}],"collection":[{"href":"https:\/\/perhonjokilaaksonkansalaisopisto.fi\/index.php?rest_route=\/wp\/v2\/pages"}],"about":[{"href":"https:\/\/perhonjokilaaksonkansalaisopisto.fi\/index.php?rest_route=\/wp\/v2\/types\/page"}],"author":[{"embeddable":true,"href":"https:\/\/perhonjokilaaksonkansalaisopisto.fi\/index.php?rest_route=\/wp\/v2\/users\/1"}],"replies":[{"embeddable":true,"href":"https:\/\/perhonjokilaaksonkansalaisopisto.fi\/index.php?rest_route=%2Fwp%2Fv2%2Fcomments&post=120"}],"version-history":[{"count":4,"href":"https:\/\/perhonjokilaaksonkansalaisopisto.fi\/index.php?rest_route=\/wp\/v2\/pages\/120\/revisions"}],"predecessor-version":[{"id":1605,"href":"https:\/\/perhonjokilaaksonkansalaisopisto.fi\/index.php?rest_route=\/wp\/v2\/pages\/120\/revisions\/1605"}],"wp:attachment":[{"href":"https:\/\/perhonjokilaaksonkansalaisopisto.fi\/index.php?rest_route=%2Fwp%2Fv2%2Fmedia&parent=120"}],"curies":[{"name":"wp","href":"https:\/\/api.w.org\/{rel}","templated":true}]}}