{"id":106,"date":"2017-04-04T23:14:58","date_gmt":"2017-04-04T20:14:58","guid":{"rendered":"http:\/\/www.perhonjokilaaksonkansalaisopisto.fi\/?page_id=106"},"modified":"2025-05-25T12:23:37","modified_gmt":"2025-05-25T09:23:37","slug":"ilmoittautuminen-puhelimitse","status":"publish","type":"page","link":"https:\/\/perhonjokilaaksonkansalaisopisto.fi\/?page_id=106","title":{"rendered":"Ilmoittautuminen puhelimitse"},"content":{"rendered":"<p>Kursseille voi ilmoittautua my\u00f6s puhelimitse soittamalla opiston toimistoon virka-aikana. Ilmoittautumisia otetaan vastaan numerossa 050 5790 163. Tekstiviesti-ilmoittautumisia tai puhelinvastaajaan j\u00e4tettyj\u00e4 ilmoituksia ei v\u00e4ltt\u00e4m\u00e4tt\u00e4 voida ottaa huomioon.<\/p>\n<p>Puhelimitse ilmoittautuessa varaudu kertomaan samat tiedot kuin netti-ilmoittautumisenkin yhteydess\u00e4:<\/p>\n<ul>\n<li>Kurssin numero ja nimi (ks. opinto-opas)<\/li>\n<li>Nimi ja henkil\u00f6tunnus<\/li>\n<li>Yhteystiedot (osoite, puhelinnumero, s\u00e4hk\u00f6postiosoite)<\/li>\n<li>Koulutustausta ja ty\u00f6llisyystilanne (tilastokeskusta varten)<\/li>\n<li>Laskutustiedot, mik\u00e4li maksajana on alaik\u00e4isen ilmoittautujan huoltaja<\/li>\n<li>Mik\u00e4li maksajana on yritys, tarvitsemme Y-tunnuksen<\/li>\n<\/ul>\n","protected":false},"excerpt":{"rendered":"<p>Kursseille voi ilmoittautua my\u00f6s puhelimitse soittamalla opiston toimistoon virka-aikana. Ilmoittautumisia otetaan vastaan numerossa 050 5790 163. Tekstiviesti-ilmoittautumisia tai puhelinvastaajaan j\u00e4tettyj\u00e4 ilmoituksia ei v\u00e4ltt\u00e4m\u00e4tt\u00e4 voida ottaa huomioon. Puhelimitse ilmoittautuessa varaudu kertomaan samat tiedot kuin netti-ilmoittautumisenkin yhteydess\u00e4: Kurssin numero ja nimi (ks. opinto-opas) Nimi ja henkil\u00f6tunnus Yhteystiedot (osoite, puhelinnumero, s\u00e4hk\u00f6postiosoite) Koulutustausta ja ty\u00f6llisyystilanne (tilastokeskusta varten) Laskutustiedot, mik\u00e4li&hellip;<\/p>\n","protected":false},"author":1,"featured_media":0,"parent":1460,"menu_order":0,"comment_status":"closed","ping_status":"closed","template":"","meta":{"footnotes":""},"class_list":["post-106","page","type-page","status-publish","hentry"],"_links":{"self":[{"href":"https:\/\/perhonjokilaaksonkansalaisopisto.fi\/index.php?rest_route=\/wp\/v2\/pages\/106","targetHints":{"allow":["GET"]}}],"collection":[{"href":"https:\/\/perhonjokilaaksonkansalaisopisto.fi\/index.php?rest_route=\/wp\/v2\/pages"}],"about":[{"href":"https:\/\/perhonjokilaaksonkansalaisopisto.fi\/index.php?rest_route=\/wp\/v2\/types\/page"}],"author":[{"embeddable":true,"href":"https:\/\/perhonjokilaaksonkansalaisopisto.fi\/index.php?rest_route=\/wp\/v2\/users\/1"}],"replies":[{"embeddable":true,"href":"https:\/\/perhonjokilaaksonkansalaisopisto.fi\/index.php?rest_route=%2Fwp%2Fv2%2Fcomments&post=106"}],"version-history":[{"count":4,"href":"https:\/\/perhonjokilaaksonkansalaisopisto.fi\/index.php?rest_route=\/wp\/v2\/pages\/106\/revisions"}],"predecessor-version":[{"id":1391,"href":"https:\/\/perhonjokilaaksonkansalaisopisto.fi\/index.php?rest_route=\/wp\/v2\/pages\/106\/revisions\/1391"}],"up":[{"embeddable":true,"href":"https:\/\/perhonjokilaaksonkansalaisopisto.fi\/index.php?rest_route=\/wp\/v2\/pages\/1460"}],"wp:attachment":[{"href":"https:\/\/perhonjokilaaksonkansalaisopisto.fi\/index.php?rest_route=%2Fwp%2Fv2%2Fmedia&parent=106"}],"curies":[{"name":"wp","href":"https:\/\/api.w.org\/{rel}","templated":true}]}}