{"id":100,"date":"2017-04-04T22:51:03","date_gmt":"2017-04-04T19:51:03","guid":{"rendered":"http:\/\/www.perhonjokilaaksonkansalaisopisto.fi\/?page_id=100"},"modified":"2025-05-25T12:33:56","modified_gmt":"2025-05-25T09:33:56","slug":"ilmoittautuminen-www-sivujen-kautta","status":"publish","type":"page","link":"http:\/\/perhonjokilaaksonkansalaisopisto.fi\/?page_id=100","title":{"rendered":"Ilmoittautuminen verkkosivujen kautta"},"content":{"rendered":"<p>1. Mene osoitteeseen: <a href=\"https:\/\/uusi.opistopalvelut.fi\/perhonjokilaakso\/fi\/\">https:\/\/uusi.opistopalvelut.fi\/perhonjokilaakso\/fi\/<\/a><\/p>\n<p>2. Valitse kurssit, joille haluat ilmoittautua. Samalla kerralla voit ilmoittautua useammillekin kursseille.<\/p>\n<p>3. Lis\u00e4\u00e4 haluamasi kurssit ostoskoriin. Jos valitsit v\u00e4\u00e4r\u00e4n kurssin, poista se ostoskorista klikkaamalla kurssin kohdalla olevaa ruksia. Ostoskorissa olevat kurssit saat aina esille Ostoskori-kuvakkeesta. Voit valita ostoskoriin useampia kursseja ennen henkil\u00f6tietojen l\u00e4hett\u00e4mist\u00e4. Jos kurssi on jo t\u00e4ynn\u00e4, saat ostoskoriin tiedon varapaikasta.<\/p>\n<p>4. \u00a0Voit pit\u00e4\u00e4 kursseja ostoskorissa tietyn ajan. Kirjoita ja l\u00e4het\u00e4 henkil\u00f6tiedot ennen t\u00e4m\u00e4n aikarajan umpeutumista. N\u00e4et ajan kulumisen ostoskorikuvakkeesta.<\/p>\n<p>5. T\u00e4yt\u00e4 henkil\u00f6tietolomakkeen kaikki kohdat huolellisesti. Ilmoittautuessa tarvitaan seuraavat tiedot:<\/p>\n<ul>\n<li>Kurssin numero ja nimi (ks. opinto-opas)<\/li>\n<li>Nimi ja henkil\u00f6tunnus<\/li>\n<li>Yhteystiedot (osoite, puhelinnumero, s\u00e4hk\u00f6postiosoite)<\/li>\n<li>Koulutustausta ja ty\u00f6llisyystilanne (tilastokeskusta varten)<\/li>\n<li>Laskutusosoitetiedot. Laskutustiedot t\u00e4ytet\u00e4\u00e4n vain mik\u00e4li maksajana on alaik\u00e4isen huoltaja tai yritys. Huoltajan ollessa maksajana tarvitsemme huoltajan t\u00e4ydelliset tiedot henkil\u00f6tunnuksineen. Yrityksen ollessa maksajana tarvitsemme Y-tunnuksen.<\/li>\n<\/ul>\n<p>6.\u00a0 <strong>Opintopassiopiskelijaksi<\/strong> ilmoittaudutaan kurssinumerolla 999\u00a0999. Opintopassilla opiskelevan on <strong>lis\u00e4ksi<\/strong> <strong>ilmoittauduttava<\/strong> kaikille haluamilleen kursseille opiskelijaksi\u00a0 (enint\u00e4\u00e4n 4 kurssia voi sis\u00e4llytt\u00e4\u00e4 opintopassiin). Opintopassin hinta on 120 \u20ac.<\/p>\n<p>7. Ilmoittautumisen vahvistus. Saat lopuksi vahvistuksen ilmoittautumisestasi sek\u00e4 n\u00e4yt\u00f6lle, ett\u00e4 s\u00e4hk\u00f6postiisi. Ellei sinulla ole s\u00e4hk\u00f6postiosoitetta, tulosta viimeisen sivun tiedot tai ota tiedot muuten talteen. Ellet saanut vahvistus- s\u00e4hk\u00f6postia vaikka annoit osoitteen, on s\u00e4hk\u00f6postiosoitteeseen saattanut tulla virhe. Ilmoittautumisesi on silti kunnossa.<\/p>\n<p>8. Ilmoittautumisen tarkistus ja peruuttaminen. Ilmoittautumisnumerolla ja kurssinumerolla voit my\u00f6hemmin tarkistaa ilmoittautumisesi.<\/p>\n<p>9. Ilmoittautuessasi sitoudut maksamaan kurssimaksun. Voit halutessasi maksaa kurssimaksun verkkomaksuna ilmoittautumisen yhteydess\u00e4. Mik\u00e4li jo maksamasi kurssi peruuntuu, palautamme maksun tilillesi. Mik\u00e4li ohitat verkkomaksun, ilmoittautuminen on kuitenkin voimassa. T\u00e4ss\u00e4 tapauksessa lasku l\u00e4hetet\u00e4\u00e4n sinulle kotiosoitteeseen.<strong>\u00a0<\/strong> Jos keskeyt\u00e4t itse kurssin, kurssimaksua ei palauteta tai hyvitet\u00e4.<strong>\u00a0V\u00e4ltt\u00e4\u00e4ksesi kurssimaksun, osallistumisen peruutus pit\u00e4\u00e4 tehd\u00e4 viimeist\u00e4\u00e4n 8 vrk ennen kurssin alkua ilmoittamalla siit\u00e4 opiston toimistoon.<\/strong> Peruuttamattomasta kurssipaikasta laskutamme kurssimaksun t\u00e4ysim\u00e4\u00e4r\u00e4isen\u00e4.<\/p>\n<p>10. Kursseista ei l\u00e4hetet\u00e4 ilmoittautuneille muuta informaatiota ennen kurssin alkua.\u00a0Opistosta otetaan yhteytt\u00e4 vain, jos kurssi peruuntuu tai olet saanut opiskelupaikan varasijalta.<\/p>\n","protected":false},"excerpt":{"rendered":"<p>1. Mene osoitteeseen: https:\/\/uusi.opistopalvelut.fi\/perhonjokilaakso\/fi\/ 2. Valitse kurssit, joille haluat ilmoittautua. Samalla kerralla voit ilmoittautua useammillekin kursseille. 3. Lis\u00e4\u00e4 haluamasi kurssit ostoskoriin. Jos valitsit v\u00e4\u00e4r\u00e4n kurssin, poista se ostoskorista klikkaamalla kurssin kohdalla olevaa ruksia. Ostoskorissa olevat kurssit saat aina esille Ostoskori-kuvakkeesta. Voit valita ostoskoriin useampia kursseja ennen henkil\u00f6tietojen l\u00e4hett\u00e4mist\u00e4. Jos kurssi on jo t\u00e4ynn\u00e4, saat ostoskoriin&hellip;<\/p>\n","protected":false},"author":1,"featured_media":0,"parent":1460,"menu_order":0,"comment_status":"closed","ping_status":"closed","template":"","meta":{"footnotes":""},"class_list":["post-100","page","type-page","status-publish","hentry"],"_links":{"self":[{"href":"http:\/\/perhonjokilaaksonkansalaisopisto.fi\/index.php?rest_route=\/wp\/v2\/pages\/100","targetHints":{"allow":["GET"]}}],"collection":[{"href":"http:\/\/perhonjokilaaksonkansalaisopisto.fi\/index.php?rest_route=\/wp\/v2\/pages"}],"about":[{"href":"http:\/\/perhonjokilaaksonkansalaisopisto.fi\/index.php?rest_route=\/wp\/v2\/types\/page"}],"author":[{"embeddable":true,"href":"http:\/\/perhonjokilaaksonkansalaisopisto.fi\/index.php?rest_route=\/wp\/v2\/users\/1"}],"replies":[{"embeddable":true,"href":"http:\/\/perhonjokilaaksonkansalaisopisto.fi\/index.php?rest_route=%2Fwp%2Fv2%2Fcomments&post=100"}],"version-history":[{"count":19,"href":"http:\/\/perhonjokilaaksonkansalaisopisto.fi\/index.php?rest_route=\/wp\/v2\/pages\/100\/revisions"}],"predecessor-version":[{"id":1538,"href":"http:\/\/perhonjokilaaksonkansalaisopisto.fi\/index.php?rest_route=\/wp\/v2\/pages\/100\/revisions\/1538"}],"up":[{"embeddable":true,"href":"http:\/\/perhonjokilaaksonkansalaisopisto.fi\/index.php?rest_route=\/wp\/v2\/pages\/1460"}],"wp:attachment":[{"href":"http:\/\/perhonjokilaaksonkansalaisopisto.fi\/index.php?rest_route=%2Fwp%2Fv2%2Fmedia&parent=100"}],"curies":[{"name":"wp","href":"https:\/\/api.w.org\/{rel}","templated":true}]}}